{"id":60,"date":"2021-01-27T07:34:24","date_gmt":"2021-01-27T10:34:24","guid":{"rendered":"https:\/\/itfilmes.com.br\/appit\/home\/"},"modified":"2023-07-06T06:15:37","modified_gmt":"2023-07-06T09:15:37","slug":"home","status":"publish","type":"page","link":"https:\/\/itfilmes.com.br\/appit\/home\/","title":{"rendered":"Home"},"content":{"rendered":"\t\t<div data-elementor-type=\"wp-page\" data-elementor-id=\"60\" class=\"elementor elementor-60\">\n\t\t\t\t\t\t<section class=\"elementor-section elementor-top-section elementor-element elementor-element-e00b6a0 elementor-section-full_width elementor-section-height-default elementor-section-height-default\" data-id=\"e00b6a0\" data-element_type=\"section\" data-e-type=\"section\">\n\t\t\t\t\t\t<div class=\"elementor-container elementor-column-gap-no\">\n\t\t\t\t\t<div class=\"aux-parallax-section elementor-column elementor-col-100 elementor-top-column elementor-element elementor-element-b248578\" data-id=\"b248578\" data-element_type=\"column\" data-e-type=\"column\">\n\t\t\t<div class=\"elementor-widget-wrap elementor-element-populated\">\n\t\t\t\t\t\t<div class=\"aux-scroll-anim elementor-element elementor-element-8547806 elementor-widget__width-auto elementor-widget elementor-widget-aux_image\" data-move-in=\"moveHorizontal\" data-move-out=\"moveHorizontal\" data-axis-x=\"-100\" data-axis-y=\"200\" data-rotate=\"90\" data-scale=\"1\" data-vp-top=\"0.5\" data-vp-bot=\"0.5\" data-el-top=\"0.2\" data-scroll-animation-off=\"1024\" data-id=\"8547806\" data-element_type=\"widget\" data-e-type=\"widget\" data-widget_type=\"aux_image.default\">\n\t\t\t\t<div class=\"elementor-widget-container\">\n\t\t\t\t\t<section class=\"widget-container aux-widget-image aux-alignnone aux-parent-au7b943446\">\n    <div class=\"aux-media-hint-frame \">\n        <div class=\"aux-media-image \" >\n        \n            \n\n            \n            <img fetchpriority=\"high\" decoding=\"async\" width=\"708\" height=\"708\" src=\"https:\/\/itfilmes.com.br\/appit\/wp-content\/uploads\/sites\/3\/2021\/01\/Rectangle-84.png\" class=\"aux-attachment aux-featured-image aux-attachment-id-46\" alt=\"demo-attachment-223-Rectangle-84\" data-ratio=\"1\" data-original-w=\"708\" \/>            \n                <\/div>\n    <\/div>\n\n<\/section><!-- widget-container -->\t\t\t\t<\/div>\n\t\t\t\t<\/div>\n\t\t\t\t<section class=\"elementor-section elementor-inner-section elementor-element elementor-element-3c0024c elementor-section-boxed elementor-section-height-default elementor-section-height-default\" data-id=\"3c0024c\" data-element_type=\"section\" data-e-type=\"section\">\n\t\t\t\t\t\t<div class=\"elementor-container elementor-column-gap-no\">\n\t\t\t\t\t<div class=\"aux-parallax-section elementor-column elementor-col-50 elementor-inner-column elementor-element elementor-element-8fe7449\" data-id=\"8fe7449\" data-element_type=\"column\" data-e-type=\"column\">\n\t\t\t<div class=\"elementor-widget-wrap elementor-element-populated\">\n\t\t\t\t\t\t<div class=\"elementor-element elementor-element-96ae948 aux-appear-watch-animation aux-fade-in-left-2 elementor-widget elementor-widget-aux_modern_heading\" data-id=\"96ae948\" data-element_type=\"widget\" data-e-type=\"widget\" data-widget_type=\"aux_modern_heading.default\">\n\t\t\t\t<div class=\"elementor-widget-container\">\n\t\t\t\t\t<section class=\"aux-widget-modern-heading\">\n            <div class=\"aux-widget-inner\"><h2 class=\"aux-modern-heading-primary\">Maria Alcina, Alegria Brasil<\/h2><h3 class=\"aux-modern-heading-secondary\"><span class=\"aux-head-before\">um filme de Elizabete Martins Campos<\/span><\/h3><div class=\"aux-modern-heading-divider\"><\/div><\/div>\n        <\/section>\t\t\t\t<\/div>\n\t\t\t\t<\/div>\n\t\t\t\t<div class=\"elementor-element elementor-element-aa2d450 aux-appear-watch-animation aux-scale-down elementor-widget elementor-widget-aux_modern_heading\" data-id=\"aa2d450\" data-element_type=\"widget\" data-e-type=\"widget\" data-widget_type=\"aux_modern_heading.default\">\n\t\t\t\t<div class=\"elementor-widget-container\">\n\t\t\t\t\t<section class=\"aux-widget-modern-heading\">\n            <div class=\"aux-widget-inner\"><h2 class=\"aux-modern-heading-primary\">Concurso<\/h2><h3 class=\"aux-modern-heading-secondary\"><span class=\"aux-head-before\">Composi\u00e7\u00e3o Musical para Cinema<\/span><\/h3><div class=\"aux-modern-heading-description\"><h3 dir=\"ltr\">Resultado das M\u00fasicas premiadas\u00a0<\/h3><\/div><\/div>\n        <\/section>\t\t\t\t<\/div>\n\t\t\t\t<\/div>\n\t\t\t\t<div class=\"elementor-element elementor-element-f93033b elementor-widget__width-auto elementor-widget elementor-widget-aux_modern_button\" data-id=\"f93033b\" data-element_type=\"widget\" data-e-type=\"widget\" data-widget_type=\"aux_modern_button.default\">\n\t\t\t\t<div class=\"elementor-widget-container\">\n\t\t\t\t\t    <div class=\"aux-modern-button-wrapper aux-modern-button-align-left\" >\n                    <a class=\"aux-modern-button aux-black aux-modern-button-md aux-modern-button-normal aux-modern-button-default aux-icon-\" href=\"https:\/\/itfilmes.com.br\/appit\/inscricoes-alegria-brasil\/\">\n                <div class=\"aux-overlay\"><\/div>\n                                    <div class=\"aux-icon \">\n                                            <\/div>\n                                <div class=\"aux-text\">\n<span class=\"aux-text-before\">Confira<\/span>                <\/div>\n            <\/a>\n            \n    <\/div>\n\n    \t\t\t\t<\/div>\n\t\t\t\t<\/div>\n\t\t\t\t\t<\/div>\n\t\t<\/div>\n\t\t\t\t<div class=\"aux-parallax-section elementor-column elementor-col-50 elementor-inner-column elementor-element elementor-element-62abac4 aux-appear-watch-animation aux-scale-down-1 elementor-hidden-mobile\" data-id=\"62abac4\" data-element_type=\"column\" data-e-type=\"column\">\n\t\t\t<div class=\"elementor-widget-wrap elementor-element-populated\">\n\t\t\t\t\t\t<div class=\"elementor-element elementor-element-e541c55 elementor-widget__width-initial elementor-widget elementor-widget-image\" data-id=\"e541c55\" data-element_type=\"widget\" data-e-type=\"widget\" data-widget_type=\"image.default\">\n\t\t\t\t<div class=\"elementor-widget-container\">\n\t\t\t\t\t\t\t\t\t\t\t\t\t\t\t<img decoding=\"async\" width=\"840\" height=\"587\" src=\"https:\/\/itfilmes.com.br\/appit\/wp-content\/uploads\/sites\/3\/2021\/03\/878-1.png\" class=\"attachment-large size-large wp-image-15\" alt=\"\" \/>\t\t\t\t\t\t\t\t\t\t\t\t\t\t\t<\/div>\n\t\t\t\t<\/div>\n\t\t\t\t<div class=\"aux-scroll-anim elementor-element elementor-element-644b83d elementor-widget__width-auto aux-appear-watch-animation aux-fade-in-down-2 elementor-widget elementor-widget-aux_image\" data-move-in=\"\" data-move-out=\"moveVertical\" data-axis-x=\"200\" data-axis-y=\"20\" data-rotate=\"90\" data-scale=\"1\" data-vp-top=\"0.5\" data-vp-bot=\"0.5\" data-el-top=\"0.2\" data-scroll-animation-off=\"1024\" data-id=\"644b83d\" data-element_type=\"widget\" data-e-type=\"widget\" data-widget_type=\"aux_image.default\">\n\t\t\t\t<div class=\"elementor-widget-container\">\n\t\t\t\t\t<section class=\"widget-container aux-widget-image aux-alignnone aux-parent-aue01a3e49\">\n    <div class=\"aux-media-hint-frame \">\n        <div class=\"aux-media-image \" >\n        \n            \n\n            \n            <img decoding=\"async\" width=\"380\" height=\"500\" src=\"https:\/\/itfilmes.com.br\/appit\/wp-content\/uploads\/sites\/3\/2021\/03\/12628.jpg\" class=\"aux-attachment aux-featured-image aux-attachment-id-14\" alt=\"demo-attachment-2302-12628\" data-ratio=\"0.76\" data-original-w=\"380\" \/>            \n                <\/div>\n    <\/div>\n\n<\/section><!-- widget-container -->\t\t\t\t<\/div>\n\t\t\t\t<\/div>\n\t\t\t\t<div class=\"elementor-element elementor-element-a3e447b aux-shpe-type-rectangle elementor-widget__width-auto elementor-widget elementor-widget-aux_simple_shape\" data-id=\"a3e447b\" data-element_type=\"widget\" data-e-type=\"widget\" data-widget_type=\"aux_simple_shape.default\">\n\t\t\t\t<div class=\"elementor-widget-container\">\n\t\t\t\t\t    <div class=\"aux-widget-container aux-simple-shape-container\">\n        <div class=\"aux-widget-container-inner\">\n            <div class=\"aux-the-shape\"><\/div>\n        <\/div>\n    <\/div>\n    \t\t\t\t<\/div>\n\t\t\t\t<\/div>\n\t\t\t\t<div class=\"aux-scroll-anim elementor-element elementor-element-9d5b541 elementor-widget__width-auto aux-appear-watch-animation aux-fade-in-left-2 elementor-widget elementor-widget-aux_image\" data-move-in=\"\" data-move-out=\"moveHorizontal\" data-axis-x=\"30\" data-axis-y=\"200\" data-rotate=\"90\" data-scale=\"1\" data-vp-top=\"0.5\" data-vp-bot=\"0.5\" data-el-top=\"0.2\" data-scroll-animation-off=\"1024\" data-id=\"9d5b541\" data-element_type=\"widget\" data-e-type=\"widget\" data-widget_type=\"aux_image.default\">\n\t\t\t\t<div class=\"elementor-widget-container\">\n\t\t\t\t\t<section class=\"widget-container aux-widget-image aux-alignnone aux-parent-auc15467e4\">\n    <div class=\"aux-media-hint-frame \">\n        <div class=\"aux-media-image \" >\n        \n            \n\n            \n            <img loading=\"lazy\" decoding=\"async\" width=\"1280\" height=\"713\" src=\"https:\/\/itfilmes.com.br\/appit\/wp-content\/uploads\/sites\/3\/2023\/03\/8_-Divulgacao_Maria-Alcina_-Orquestra_Lucas-Kakuda_Easy-Resize.com_.jpg\" class=\"aux-attachment aux-featured-image aux-attachment-id-129\" alt=\"8_-Divulga\u00e7\u00e3o_Maria-Alcina_-Orquestra_Lucas-Kakuda_Easy-Resize.com_\" data-ratio=\"1.8\" data-original-w=\"1280\" \/>            \n                <\/div>\n    <\/div>\n\n<\/section><!-- widget-container -->\t\t\t\t<\/div>\n\t\t\t\t<\/div>\n\t\t\t\t<div class=\"aux-scroll-anim elementor-element elementor-element-890d4e9 elementor-widget__width-auto aux-appear-watch-animation aux-fade-in-up-2 elementor-widget elementor-widget-aux_image\" data-move-in=\"\" data-move-out=\"moveVertical\" data-axis-x=\"200\" data-axis-y=\"-50\" data-rotate=\"90\" data-scale=\"1\" data-vp-top=\"0.5\" data-vp-bot=\"0.5\" data-el-top=\"0.2\" data-scroll-animation-off=\"1024\" data-id=\"890d4e9\" data-element_type=\"widget\" data-e-type=\"widget\" data-widget_type=\"aux_image.default\">\n\t\t\t\t<div class=\"elementor-widget-container\">\n\t\t\t\t\t<section class=\"widget-container aux-widget-image aux-alignnone aux-parent-au4b0de85f\">\n    <div class=\"aux-media-hint-frame \">\n        <div class=\"aux-media-image \" >\n        \n            \n\n            \n            <img loading=\"lazy\" decoding=\"async\" width=\"275\" height=\"183\" src=\"https:\/\/itfilmes.com.br\/appit\/wp-content\/uploads\/sites\/3\/2023\/03\/images-4.jpg\" class=\"aux-attachment aux-featured-image aux-attachment-id-149\" alt=\"images (4)\" data-ratio=\"1.5\" data-original-w=\"275\" \/>            \n                <\/div>\n    <\/div>\n\n<\/section><!-- widget-container -->\t\t\t\t<\/div>\n\t\t\t\t<\/div>\n\t\t\t\t<div class=\"aux-scroll-anim elementor-element elementor-element-27d182a elementor-widget__width-auto aux-appear-watch-animation aux-fade-in-left-2 elementor-widget elementor-widget-aux_image\" data-move-in=\"\" data-move-out=\"moveHorizontal\" data-axis-x=\"8\" data-axis-y=\"200\" data-rotate=\"90\" data-scale=\"1\" data-vp-top=\"0.5\" data-vp-bot=\"0.5\" data-el-top=\"0.2\" data-scroll-animation-off=\"1024\" data-id=\"27d182a\" data-element_type=\"widget\" data-e-type=\"widget\" data-widget_type=\"aux_image.default\">\n\t\t\t\t<div class=\"elementor-widget-container\">\n\t\t\t\t\t<section class=\"widget-container aux-widget-image aux-alignnone aux-parent-auc4420589\">\n    <div class=\"aux-media-hint-frame \">\n        <div class=\"aux-media-image \" >\n        \n            \n\n            \n            <img loading=\"lazy\" decoding=\"async\" width=\"380\" height=\"500\" src=\"https:\/\/itfilmes.com.br\/appit\/wp-content\/uploads\/sites\/3\/2021\/03\/3700.jpg\" class=\"aux-attachment aux-featured-image aux-attachment-id-16\" alt=\"demo-attachment-1843-3700\" data-ratio=\"0.76\" data-original-w=\"380\" \/>            \n                <\/div>\n    <\/div>\n\n<\/section><!-- widget-container -->\t\t\t\t<\/div>\n\t\t\t\t<\/div>\n\t\t\t\t\t<\/div>\n\t\t<\/div>\n\t\t\t\t\t<\/div>\n\t\t<\/section>\n\t\t\t\t\t<\/div>\n\t\t<\/div>\n\t\t\t\t\t<\/div>\n\t\t<\/section>\n\t\t\t\t<\/div>\n\t\t","protected":false},"excerpt":{"rendered":"<p>Maria Alcina, Alegria Brasil um filme de Elizabete Martins Campos Concurso Composi\u00e7\u00e3o Musical para Cinema Resultado das M\u00fasicas premiadas&nbsp; Confira<\/p>\n","protected":false},"author":1,"featured_media":129,"parent":0,"menu_order":0,"comment_status":"closed","ping_status":"closed","template":"templates\/page-builder-content.php","meta":{"_acf_changed":false,"footnotes":""},"class_list":["post-60","page","type-page","status-publish","has-post-thumbnail","hentry"],"yoast_head":"<!-- This site is optimized with the Yoast SEO plugin v27.5 - https:\/\/yoast.com\/product\/yoast-seo-wordpress\/ -->\n<title>Inscri\u00e7\u00f5es IT Filmes<\/title>\n<meta name=\"description\" content=\"Promove o lan\u00e7amento e distribui\u00e7\u00e3o de obras audiovisuais independentes brasileiras em Salas de Cinema no Brasil e no exterior.\" \/>\n<meta name=\"robots\" content=\"index, follow, max-snippet:-1, max-image-preview:large, max-video-preview:-1\" \/>\n<link rel=\"canonical\" href=\"https:\/\/itfilmes.com.br\/appit\/home\/\" \/>\n<meta property=\"og:locale\" content=\"pt_BR\" \/>\n<meta property=\"og:type\" content=\"article\" \/>\n<meta property=\"og:title\" content=\"Inscri\u00e7\u00f5es IT Filmes\" \/>\n<meta property=\"og:description\" content=\"Promove o lan\u00e7amento e distribui\u00e7\u00e3o de obras audiovisuais independentes brasileiras em Salas de Cinema no Brasil e no exterior.\" \/>\n<meta property=\"og:url\" content=\"https:\/\/itfilmes.com.br\/appit\/home\/\" \/>\n<meta property=\"og:site_name\" content=\"APP IT FILMES\" \/>\n<meta property=\"article:modified_time\" content=\"2023-07-06T09:15:37+00:00\" \/>\n<meta property=\"og:image\" content=\"https:\/\/itfilmes.com.br\/appit\/wp-content\/uploads\/sites\/3\/2023\/03\/8_-Divulgacao_Maria-Alcina_-Orquestra_Lucas-Kakuda_Easy-Resize.com_.jpg\" \/>\n\t<meta property=\"og:image:width\" content=\"1280\" \/>\n\t<meta property=\"og:image:height\" content=\"713\" \/>\n\t<meta property=\"og:image:type\" content=\"image\/jpeg\" \/>\n<meta name=\"twitter:card\" content=\"summary_large_image\" \/>\n<script type=\"application\/ld+json\" class=\"yoast-schema-graph\">{\"@context\":\"https:\\\/\\\/schema.org\",\"@graph\":[{\"@type\":\"WebPage\",\"@id\":\"https:\\\/\\\/itfilmes.com.br\\\/appit\\\/home\\\/\",\"url\":\"https:\\\/\\\/itfilmes.com.br\\\/appit\\\/home\\\/\",\"name\":\"Inscri\u00e7\u00f5es IT Filmes\",\"isPartOf\":{\"@id\":\"https:\\\/\\\/itfilmes.com.br\\\/appit\\\/#website\"},\"primaryImageOfPage\":{\"@id\":\"https:\\\/\\\/itfilmes.com.br\\\/appit\\\/home\\\/#primaryimage\"},\"image\":{\"@id\":\"https:\\\/\\\/itfilmes.com.br\\\/appit\\\/home\\\/#primaryimage\"},\"thumbnailUrl\":\"https:\\\/\\\/itfilmes.com.br\\\/appit\\\/wp-content\\\/uploads\\\/sites\\\/3\\\/2023\\\/03\\\/8_-Divulgacao_Maria-Alcina_-Orquestra_Lucas-Kakuda_Easy-Resize.com_.jpg\",\"datePublished\":\"2021-01-27T10:34:24+00:00\",\"dateModified\":\"2023-07-06T09:15:37+00:00\",\"description\":\"Promove o lan\u00e7amento e distribui\u00e7\u00e3o de obras audiovisuais independentes brasileiras em Salas de Cinema no Brasil e no exterior.\",\"breadcrumb\":{\"@id\":\"https:\\\/\\\/itfilmes.com.br\\\/appit\\\/home\\\/#breadcrumb\"},\"inLanguage\":\"pt-BR\",\"potentialAction\":[{\"@type\":\"ReadAction\",\"target\":[\"https:\\\/\\\/itfilmes.com.br\\\/appit\\\/home\\\/\"]}]},{\"@type\":\"ImageObject\",\"inLanguage\":\"pt-BR\",\"@id\":\"https:\\\/\\\/itfilmes.com.br\\\/appit\\\/home\\\/#primaryimage\",\"url\":\"https:\\\/\\\/itfilmes.com.br\\\/appit\\\/wp-content\\\/uploads\\\/sites\\\/3\\\/2023\\\/03\\\/8_-Divulgacao_Maria-Alcina_-Orquestra_Lucas-Kakuda_Easy-Resize.com_.jpg\",\"contentUrl\":\"https:\\\/\\\/itfilmes.com.br\\\/appit\\\/wp-content\\\/uploads\\\/sites\\\/3\\\/2023\\\/03\\\/8_-Divulgacao_Maria-Alcina_-Orquestra_Lucas-Kakuda_Easy-Resize.com_.jpg\",\"width\":1280,\"height\":713},{\"@type\":\"BreadcrumbList\",\"@id\":\"https:\\\/\\\/itfilmes.com.br\\\/appit\\\/home\\\/#breadcrumb\",\"itemListElement\":[{\"@type\":\"ListItem\",\"position\":1,\"name\":\"In\u00edcio\",\"item\":\"https:\\\/\\\/itfilmes.com.br\\\/appit\\\/\"},{\"@type\":\"ListItem\",\"position\":2,\"name\":\"Home\"}]},{\"@type\":\"WebSite\",\"@id\":\"https:\\\/\\\/itfilmes.com.br\\\/appit\\\/#website\",\"url\":\"https:\\\/\\\/itfilmes.com.br\\\/appit\\\/\",\"name\":\"APP IT FILMES\",\"description\":\"Inscri\u00e7\u00f5es IT Filmes\",\"publisher\":{\"@id\":\"https:\\\/\\\/itfilmes.com.br\\\/appit\\\/#organization\"},\"potentialAction\":[{\"@type\":\"SearchAction\",\"target\":{\"@type\":\"EntryPoint\",\"urlTemplate\":\"https:\\\/\\\/itfilmes.com.br\\\/appit\\\/?s={search_term_string}\"},\"query-input\":{\"@type\":\"PropertyValueSpecification\",\"valueRequired\":true,\"valueName\":\"search_term_string\"}}],\"inLanguage\":\"pt-BR\"},{\"@type\":\"Organization\",\"@id\":\"https:\\\/\\\/itfilmes.com.br\\\/appit\\\/#organization\",\"name\":\"APP IT FILMES\",\"url\":\"https:\\\/\\\/itfilmes.com.br\\\/appit\\\/\",\"logo\":{\"@type\":\"ImageObject\",\"inLanguage\":\"pt-BR\",\"@id\":\"https:\\\/\\\/itfilmes.com.br\\\/appit\\\/#\\\/schema\\\/logo\\\/image\\\/\",\"url\":\"https:\\\/\\\/itfilmes.com.br\\\/appit\\\/wp-content\\\/uploads\\\/sites\\\/3\\\/2025\\\/07\\\/cropped-APPIT1@3x-1.png\",\"contentUrl\":\"https:\\\/\\\/itfilmes.com.br\\\/appit\\\/wp-content\\\/uploads\\\/sites\\\/3\\\/2025\\\/07\\\/cropped-APPIT1@3x-1.png\",\"width\":793,\"height\":290,\"caption\":\"APP IT FILMES\"},\"image\":{\"@id\":\"https:\\\/\\\/itfilmes.com.br\\\/appit\\\/#\\\/schema\\\/logo\\\/image\\\/\"}}]}<\/script>\n<!-- \/ Yoast SEO plugin. -->","yoast_head_json":{"title":"Inscri\u00e7\u00f5es IT Filmes","description":"Promove o lan\u00e7amento e distribui\u00e7\u00e3o de obras audiovisuais independentes brasileiras em Salas de Cinema no Brasil e no exterior.","robots":{"index":"index","follow":"follow","max-snippet":"max-snippet:-1","max-image-preview":"max-image-preview:large","max-video-preview":"max-video-preview:-1"},"canonical":"https:\/\/itfilmes.com.br\/appit\/home\/","og_locale":"pt_BR","og_type":"article","og_title":"Inscri\u00e7\u00f5es IT Filmes","og_description":"Promove o lan\u00e7amento e distribui\u00e7\u00e3o de obras audiovisuais independentes brasileiras em Salas de Cinema no Brasil e no exterior.","og_url":"https:\/\/itfilmes.com.br\/appit\/home\/","og_site_name":"APP IT FILMES","article_modified_time":"2023-07-06T09:15:37+00:00","og_image":[{"width":1280,"height":713,"url":"https:\/\/itfilmes.com.br\/appit\/wp-content\/uploads\/sites\/3\/2023\/03\/8_-Divulgacao_Maria-Alcina_-Orquestra_Lucas-Kakuda_Easy-Resize.com_.jpg","type":"image\/jpeg"}],"twitter_card":"summary_large_image","schema":{"@context":"https:\/\/schema.org","@graph":[{"@type":"WebPage","@id":"https:\/\/itfilmes.com.br\/appit\/home\/","url":"https:\/\/itfilmes.com.br\/appit\/home\/","name":"Inscri\u00e7\u00f5es IT Filmes","isPartOf":{"@id":"https:\/\/itfilmes.com.br\/appit\/#website"},"primaryImageOfPage":{"@id":"https:\/\/itfilmes.com.br\/appit\/home\/#primaryimage"},"image":{"@id":"https:\/\/itfilmes.com.br\/appit\/home\/#primaryimage"},"thumbnailUrl":"https:\/\/itfilmes.com.br\/appit\/wp-content\/uploads\/sites\/3\/2023\/03\/8_-Divulgacao_Maria-Alcina_-Orquestra_Lucas-Kakuda_Easy-Resize.com_.jpg","datePublished":"2021-01-27T10:34:24+00:00","dateModified":"2023-07-06T09:15:37+00:00","description":"Promove o lan\u00e7amento e distribui\u00e7\u00e3o de obras audiovisuais independentes brasileiras em Salas de Cinema no Brasil e no exterior.","breadcrumb":{"@id":"https:\/\/itfilmes.com.br\/appit\/home\/#breadcrumb"},"inLanguage":"pt-BR","potentialAction":[{"@type":"ReadAction","target":["https:\/\/itfilmes.com.br\/appit\/home\/"]}]},{"@type":"ImageObject","inLanguage":"pt-BR","@id":"https:\/\/itfilmes.com.br\/appit\/home\/#primaryimage","url":"https:\/\/itfilmes.com.br\/appit\/wp-content\/uploads\/sites\/3\/2023\/03\/8_-Divulgacao_Maria-Alcina_-Orquestra_Lucas-Kakuda_Easy-Resize.com_.jpg","contentUrl":"https:\/\/itfilmes.com.br\/appit\/wp-content\/uploads\/sites\/3\/2023\/03\/8_-Divulgacao_Maria-Alcina_-Orquestra_Lucas-Kakuda_Easy-Resize.com_.jpg","width":1280,"height":713},{"@type":"BreadcrumbList","@id":"https:\/\/itfilmes.com.br\/appit\/home\/#breadcrumb","itemListElement":[{"@type":"ListItem","position":1,"name":"In\u00edcio","item":"https:\/\/itfilmes.com.br\/appit\/"},{"@type":"ListItem","position":2,"name":"Home"}]},{"@type":"WebSite","@id":"https:\/\/itfilmes.com.br\/appit\/#website","url":"https:\/\/itfilmes.com.br\/appit\/","name":"APP IT FILMES","description":"Inscri\u00e7\u00f5es IT Filmes","publisher":{"@id":"https:\/\/itfilmes.com.br\/appit\/#organization"},"potentialAction":[{"@type":"SearchAction","target":{"@type":"EntryPoint","urlTemplate":"https:\/\/itfilmes.com.br\/appit\/?s={search_term_string}"},"query-input":{"@type":"PropertyValueSpecification","valueRequired":true,"valueName":"search_term_string"}}],"inLanguage":"pt-BR"},{"@type":"Organization","@id":"https:\/\/itfilmes.com.br\/appit\/#organization","name":"APP IT FILMES","url":"https:\/\/itfilmes.com.br\/appit\/","logo":{"@type":"ImageObject","inLanguage":"pt-BR","@id":"https:\/\/itfilmes.com.br\/appit\/#\/schema\/logo\/image\/","url":"https:\/\/itfilmes.com.br\/appit\/wp-content\/uploads\/sites\/3\/2025\/07\/cropped-APPIT1@3x-1.png","contentUrl":"https:\/\/itfilmes.com.br\/appit\/wp-content\/uploads\/sites\/3\/2025\/07\/cropped-APPIT1@3x-1.png","width":793,"height":290,"caption":"APP IT FILMES"},"image":{"@id":"https:\/\/itfilmes.com.br\/appit\/#\/schema\/logo\/image\/"}}]}},"acf":[],"_links":{"self":[{"href":"https:\/\/itfilmes.com.br\/appit\/wp-json\/wp\/v2\/pages\/60","targetHints":{"allow":["GET"]}}],"collection":[{"href":"https:\/\/itfilmes.com.br\/appit\/wp-json\/wp\/v2\/pages"}],"about":[{"href":"https:\/\/itfilmes.com.br\/appit\/wp-json\/wp\/v2\/types\/page"}],"author":[{"embeddable":true,"href":"https:\/\/itfilmes.com.br\/appit\/wp-json\/wp\/v2\/users\/1"}],"replies":[{"embeddable":true,"href":"https:\/\/itfilmes.com.br\/appit\/wp-json\/wp\/v2\/comments?post=60"}],"version-history":[{"count":0,"href":"https:\/\/itfilmes.com.br\/appit\/wp-json\/wp\/v2\/pages\/60\/revisions"}],"wp:featuredmedia":[{"embeddable":true,"href":"https:\/\/itfilmes.com.br\/appit\/wp-json\/wp\/v2\/media\/129"}],"wp:attachment":[{"href":"https:\/\/itfilmes.com.br\/appit\/wp-json\/wp\/v2\/media?parent=60"}],"curies":[{"name":"wp","href":"https:\/\/api.w.org\/{rel}","templated":true}]}}