{"id":76,"date":"2023-03-31T11:17:54","date_gmt":"2023-03-31T14:17:54","guid":{"rendered":"https:\/\/itfilmes.com.br\/appit\/register\/"},"modified":"2023-04-17T23:04:52","modified_gmt":"2023-04-18T02:04:52","slug":"register","status":"publish","type":"page","link":"https:\/\/itfilmes.com.br\/appit\/register\/","title":{"rendered":"Register"},"content":{"rendered":"\t\t<div data-elementor-type=\"wp-page\" data-elementor-id=\"76\" class=\"elementor elementor-76\">\n\t\t\t\t\t\t<section class=\"elementor-section elementor-top-section elementor-element elementor-element-3e71c74c elementor-section-boxed elementor-section-height-default elementor-section-height-default\" data-id=\"3e71c74c\" data-element_type=\"section\" data-e-type=\"section\">\n\t\t\t\t\t\t<div class=\"elementor-container elementor-column-gap-default\">\n\t\t\t\t\t<div class=\"aux-parallax-section elementor-column elementor-col-100 elementor-top-column elementor-element elementor-element-4448408d\" data-id=\"4448408d\" data-element_type=\"column\" data-e-type=\"column\">\n\t\t\t<div class=\"elementor-widget-wrap elementor-element-populated\">\n\t\t\t\t\t\t<div class=\"elementor-element elementor-element-b7fbcd0 elementor-widget elementor-widget-aux_modern_heading\" data-id=\"b7fbcd0\" data-element_type=\"widget\" data-e-type=\"widget\" data-widget_type=\"aux_modern_heading.default\">\n\t\t\t\t<div class=\"elementor-widget-container\">\n\t\t\t\t\t<section class=\"aux-widget-modern-heading\">\n            <div class=\"aux-widget-inner\"><h2 class=\"aux-modern-heading-primary\">Registro de novos usu\u00e1rios<\/h2><div class=\"aux-modern-heading-divider\"><\/div><\/div>\n        <\/section>\t\t\t\t<\/div>\n\t\t\t\t<\/div>\n\t\t\t\t\t<\/div>\n\t\t<\/div>\n\t\t\t\t\t<\/div>\n\t\t<\/section>\n\t\t\t\t<section class=\"elementor-section elementor-top-section elementor-element elementor-element-6e1b8c6 elementor-section-boxed elementor-section-height-default elementor-section-height-default\" data-id=\"6e1b8c6\" data-element_type=\"section\" data-e-type=\"section\" data-settings=\"{&quot;background_background&quot;:&quot;classic&quot;}\">\n\t\t\t\t\t\t<div class=\"elementor-container elementor-column-gap-default\">\n\t\t\t\t\t<div class=\"aux-parallax-section elementor-column elementor-col-100 elementor-top-column elementor-element elementor-element-be46f68\" data-id=\"be46f68\" data-element_type=\"column\" data-e-type=\"column\" data-settings=\"{&quot;background_background&quot;:&quot;classic&quot;}\">\n\t\t\t<div class=\"elementor-widget-wrap elementor-element-populated\">\n\t\t\t\t\t\t<div class=\"elementor-element elementor-element-31a91a0d elementor-widget elementor-widget-text-editor\" data-id=\"31a91a0d\" data-element_type=\"widget\" data-e-type=\"widget\" data-widget_type=\"text-editor.default\">\n\t\t\t\t<div class=\"elementor-widget-container\">\n\t\t\t\t\t\t\t\t\t\n<p>\n<div class=\"um um-register um-70\">\n\t<div class=\"um-form\" data-mode=\"register\">\n\t\t<form method=\"post\" action=\"\">\n\t\t\t<div class=\"um-row _um_row_1 \" style=\"padding: 0px 0px 0px 0px;margin: 0px 0px 30px 0px;border-width: 0px 0px 0px 0px;border-style: solid;border-radius: 0px;\"><div class=\"um-col-1\"><div  id=\"um_field_70_first_name\" class=\"um-field um-field-text  um-field-first_name um-field-text um-field-type_text\" data-key=\"first_name\"><div class=\"um-field-label\"><label for=\"first_name-70\">Nome<span class=\"um-req\" title=\"Required\">*<\/span><\/label><div class=\"um-clear\"><\/div><\/div><div class=\"um-field-area\"><input  autocomplete=\"off\" class=\"um-form-field valid \" type=\"text\" name=\"first_name-70\" id=\"first_name-70\" value=\"\" placeholder=\"Jo\u00e3o\" data-validate=\"\" data-key=\"first_name\"  aria-invalid=\"false\" \/>\n\n\t\t\t\t\t\t<\/div><\/div><div  id=\"um_field_70_last_name\" class=\"um-field um-field-text  um-field-last_name um-field-text um-field-type_text\" data-key=\"last_name\"><div class=\"um-field-label\"><label for=\"last_name-70\">Sobrenome<span class=\"um-req\" title=\"Required\">*<\/span><\/label><div class=\"um-clear\"><\/div><\/div><div class=\"um-field-area\"><input  autocomplete=\"off\" class=\"um-form-field valid \" type=\"text\" name=\"last_name-70\" id=\"last_name-70\" value=\"\" placeholder=\"da Silva e Campos\" data-validate=\"\" data-key=\"last_name\"  aria-invalid=\"false\" \/>\n\n\t\t\t\t\t\t<\/div><\/div><div  id=\"um_field_70_user_email\" class=\"um-field um-field-text  um-field-user_email um-field-text um-field-type_text\" data-key=\"user_email\"><div class=\"um-field-label\"><label for=\"user_email-70\">Informe o seu E-mail<span class=\"um-req\" title=\"Required\">*<\/span><\/label><div class=\"um-clear\"><\/div><\/div><div class=\"um-field-area\"><input  autocomplete=\"off\" class=\"um-form-field valid \" type=\"text\" name=\"user_email-70\" id=\"user_email-70\" value=\"\" placeholder=\"seu melhor e-mail\" data-validate=\"unique_email\" data-key=\"user_email\"  aria-invalid=\"false\" \/>\n\n\t\t\t\t\t\t<\/div><\/div><div  id=\"um_field_70_user_login\" class=\"um-field um-field-text  um-field-user_login um-field-text um-field-type_text\" data-key=\"user_login\"><div class=\"um-field-label\"><label for=\"user_login-70\">Usu\u00e1rio<span class=\"um-req\" title=\"Required\">*<\/span><\/label><div class=\"um-clear\"><\/div><\/div><div class=\"um-field-area\"><input  autocomplete=\"off\" class=\"um-form-field valid \" type=\"text\" name=\"user_login-70\" id=\"user_login-70\" value=\"\" placeholder=\"nome de usu\u00e1rio\" data-validate=\"unique_username\" data-key=\"user_login\"  aria-invalid=\"false\" \/>\n\n\t\t\t\t\t\t<\/div><\/div><div  id=\"um_field_70_user_password\" class=\"um-field um-field-password  um-field-user_password um-field-password um-field-type_password\" data-key=\"user_password\"><div class=\"um-field-area\"><div class=\"um-field-area-password\">\n\t\t\t\t\t\t\t\t\t<input class=\"um-form-field valid \" type=\"password\" name=\"user_password-70\" id=\"user_password-70\" value=\"\" placeholder=\"senha\" data-validate=\"\" data-key=\"user_password\"  aria-invalid=\"false\" \/>\n\t\t\t\t\t\t\t\t\t<span class=\"um-toggle-password\"><i class=\"um-icon-eye\"><\/i><\/span>\n\t\t\t\t\t\t\t\t<\/div>\n\t\t\t\t\t\t\t<\/div><\/div><div  id=\"um_field_70_confirm_user_password\" class=\"um-field um-field-password  um-field-user_password um-field-password um-field-type_password\" data-key=\"confirm_user_password\"><div class=\"um-field-area\"><div class=\"um-field-area-password\"><input class=\"um-form-field valid \" type=\"password\" name=\"confirm_user_password-70\" id=\"confirm_user_password-70\" value=\"\" placeholder=\"Confirm senha\" data-validate=\"\" data-key=\"confirm_user_password\"  aria-invalid=\"false\" \/><span class=\"um-toggle-password\"><i class=\"um-icon-eye\"><\/i><\/span><\/div><\/div><\/div><div  id=\"um_field_70_endereco_user\" class=\"um-field um-field-text  um-field-endereco_user um-field-text um-field-type_text\" data-key=\"endereco_user\"><div class=\"um-field-label\"><label for=\"endereco_user-70\">Endere\u00e7o<span class=\"um-req\" title=\"Required\">*<\/span><\/label><div class=\"um-clear\"><\/div><\/div><div class=\"um-field-area\"><input  autocomplete=\"off\" class=\"um-form-field valid \" type=\"text\" name=\"endereco_user-70\" id=\"endereco_user-70\" value=\"\" placeholder=\"Rua\/Av Afonso Dias e Silva 1575\" data-validate=\"\" data-key=\"endereco_user\"  aria-invalid=\"false\" \/>\n\n\t\t\t\t\t\t<\/div><\/div><div  id=\"um_field_70_complemento_user\" class=\"um-field um-field-text  um-field-complemento_user um-field-text um-field-type_text\" data-key=\"complemento_user\"><div class=\"um-field-area\"><input  autocomplete=\"off\" class=\"um-form-field valid \" type=\"text\" name=\"complemento_user-70\" id=\"complemento_user-70\" value=\"\" placeholder=\"Complemento\/Bairro\" data-validate=\"\" data-key=\"complemento_user\"  aria-invalid=\"false\" \/>\n\n\t\t\t\t\t\t<\/div><\/div><div  id=\"um_field_70_estado_user\" class=\"um-field um-field-text  um-field-estado_user um-field-text um-field-type_text\" data-key=\"estado_user\"><div class=\"um-field-area\"><input  autocomplete=\"off\" class=\"um-form-field valid \" type=\"text\" name=\"estado_user-70\" id=\"estado_user-70\" value=\"\" placeholder=\"Estado\" data-validate=\"\" data-key=\"estado_user\"  aria-invalid=\"false\" \/>\n\n\t\t\t\t\t\t<\/div><\/div><div  id=\"um_field_70_cidade_user\" class=\"um-field um-field-text  um-field-cidade_user um-field-text um-field-type_text\" data-key=\"cidade_user\"><div class=\"um-field-area\"><input  autocomplete=\"off\" class=\"um-form-field valid \" type=\"text\" name=\"cidade_user-70\" id=\"cidade_user-70\" value=\"\" placeholder=\"Cidade\" data-validate=\"\" data-key=\"cidade_user\"  aria-invalid=\"false\" \/>\n\n\t\t\t\t\t\t<\/div><\/div><div  id=\"um_field_70_cep_user\" class=\"um-field um-field-text  um-field-cep_user um-field-text um-field-type_text\" data-key=\"cep_user\"><div class=\"um-field-area\"><input  autocomplete=\"off\" class=\"um-form-field valid \" type=\"text\" name=\"cep_user-70\" id=\"cep_user-70\" value=\"\" placeholder=\"Cep: 30305123\" data-validate=\"numeric\" data-key=\"cep_user\"  aria-invalid=\"false\" \/>\n\n\t\t\t\t\t\t<\/div><\/div><\/div><\/div>\n<!-- This file should primarily consist of HTML with a little bit of PHP. -->\n<div class=\"um-field um-field-type_terms_conditions\" data-key=\"use_terms_conditions_agreement\" style=\"display:block;padding:0;\">\n\t<div class=\"um-field-area\">\n\t\t<div class=\"um-gdpr-content\" style=\"display:none;\">\n\t\t\t<h2>Quem somos<\/h2>\n<p><\/p>\n<p>O endere\u00e7o do nosso site \u00e9: https:\/\/itfilmes.com.br\/appit, sendo este o site para os formul\u00e1rios de\u00a0 inscri\u00e7\u00f5es da IT Filmes https:\/\/itfilmes.com.br.<\/p>\n<p><\/p>\n<p><\/p>\n<h2 class=\"wp-block-heading\">M\u00eddia<\/h2>\n<p><\/p>\n<p>Se voc\u00ea envia imagens para o site, evite enviar as que contenham dados de localiza\u00e7\u00e3o incorporados (EXIF GPS). Visitantes podem baixar estas imagens do site e extrair delas seus dados de localiza\u00e7\u00e3o.<\/p>\n<p><\/p>\n<h2 class=\"wp-block-heading\">Cookies<\/h2>\n<p><\/p>\n<p>Ao deixar informa\u00e7\u00f5es pessoais no site, voc\u00ea poder\u00e1 optar por salvar seu nome, e-mail e site nos cookies. Isso visa seu conforto, assim voc\u00ea n\u00e3o precisar\u00e1 preencher seus dados novamente quando fizer outro coment\u00e1rio. Estes cookies duram um ano.<\/p>\n<p><\/p>\n<p>Se voc\u00ea tem uma conta e acessa este site, um cookie tempor\u00e1rio ser\u00e1 criado para determinar se seu navegador aceita cookies. Ele n\u00e3o cont\u00e9m nenhum dado pessoal e ser\u00e1 descartado quando voc\u00ea fechar seu navegador.<\/p>\n<p><\/p>\n<p>Quando voc\u00ea acessa sua conta no site, tamb\u00e9m criamos v\u00e1rios cookies para salvar os dados da sua conta e suas escolhas de exibi\u00e7\u00e3o de tela. Cookies de login s\u00e3o mantidos por dois dias e cookies de op\u00e7\u00f5es de tela por um ano. Se voc\u00ea selecionar &#8220;Lembrar-me&#8221;, seu acesso ser\u00e1 mantido por duas semanas. Se voc\u00ea se desconectar da sua conta, os cookies de login ser\u00e3o removidos.<\/p>\n<p><\/p>\n<p>Se voc\u00ea editar ou publicar um artigo, um cookie adicional ser\u00e1 salvo no seu navegador. Este cookie n\u00e3o inclui nenhum dado pessoal e simplesmente indica o ID do post referente ao artigo que voc\u00ea acabou de editar. Ele expira depois de 1 dia.<\/p>\n<p><\/p>\n<h2 class=\"wp-block-heading\">M\u00eddia incorporada de outros sites<\/h2>\n<p><\/p>\n<p>Artigos neste site podem incluir conte\u00fado incorporado como, por exemplo, v\u00eddeos, imagens, artigos, etc. Conte\u00fados incorporados de outros sites se comportam exatamente da mesma forma como se o visitante estivesse visitando o outro site.<\/p>\n<p><\/p>\n<p>Estes sites podem coletar dados sobre voc\u00ea, usar cookies, incorporar rastreamento adicional de terceiros e monitorar sua intera\u00e7\u00e3o com este conte\u00fado incorporado, incluindo sua intera\u00e7\u00e3o com o conte\u00fado incorporado se voc\u00ea tem uma conta e est\u00e1 conectado com o site.<\/p>\n<p><\/p>\n<h2 class=\"wp-block-heading\">Com quem compartilhamos seus dados<\/h2>\n<p><\/p>\n<p>Se voc\u00ea solicitar uma redefini\u00e7\u00e3o de senha, seu endere\u00e7o de IP ser\u00e1 inclu\u00eddo no e-mail de redefini\u00e7\u00e3o de senha.<\/p>\n<p><\/p>\n<h2 class=\"wp-block-heading\">Por quanto tempo mantemos os seus dados<\/h2>\n<p><\/p>\n<p><\/p>\n<p>Usu\u00e1rios que se registram no nosso site (se houver), guardamos as informa\u00e7\u00f5es pessoais que fornecem no seu perfil de usu\u00e1rio. Todos os usu\u00e1rios podem ver, editar ou excluir suas informa\u00e7\u00f5es pessoais a qualquer momento (s\u00f3 n\u00e3o \u00e9 poss\u00edvel alterar o seu username). Os administradores de sites tamb\u00e9m podem ver e editar estas informa\u00e7\u00f5es.<\/p>\n<p><\/p>\n<h2 class=\"wp-block-heading\">Quais os seus direitos sobre seus dados<\/h2>\n<p><\/p>\n<p>Se voc\u00ea tiver uma conta neste site, pode solicitar que removamos qualquer dado pessoal que mantemos sobre voc\u00ea. Isto n\u00e3o inclui nenhuns dados que somos obrigados a manter para prop\u00f3sitos administrativos, legais ou de seguran\u00e7a.<\/p>\n<p><\/p>\n<h2 class=\"wp-block-heading\">Para onde seus dados s\u00e3o enviados<\/h2>\n<p><\/p>\n<p>Coment\u00e1rios de visitantes podem ser marcados por um servi\u00e7o autom\u00e1tico de detec\u00e7\u00e3o de spam.<\/p>\n<p><\/p>\t\t<\/div>\n\t\t<a href=\"javascript:void(0);\" class=\"um-toggle-gdpr\" data-toggle-state=\"hidden\"\n\t\t\tdata-toggle-show=\"Pol\u00edtica de Privacidade\"\n\t\t\tdata-toggle-hide=\"Ocultar: Pol\u00edtica de Privacidade\">\n\t\t\tPol\u00edtica de Privacidade\t\t<\/a>\n\t<\/div>\n\t<div class=\"um-field-area\">\n\t\t<label class=\"um-field-checkbox\">\n\t\t\t<input type=\"checkbox\" name=\"use_gdpr_agreement\" value=\"1\">\n\t\t\t<span class=\"um-field-checkbox-state\"><i class=\"um-icon-android-checkbox-outline-blank\"><\/i><\/span>\n\t\t\t<span class=\"um-field-checkbox-option\">Confirme que voc\u00ea concorda com nossa pol\u00edtica de privacidade<\/span>\n\t\t<\/label>\n\t\t<div class=\"um-clear\"><\/div>\n\t\t\t\t<div class=\"um-clear\"><\/div>\n\t<\/div>\n<\/div>\n\t<input type=\"hidden\" name=\"form_id\" id=\"form_id_70\" value=\"70\" \/>\n\t\t<p class=\"um_request_name\">\n\t\t<label for=\"um_request_70\">Only fill in if you are not human<\/label>\n\t\t<input type=\"hidden\" name=\"um_request\" id=\"um_request_70\" class=\"input\" value=\"\" size=\"25\" autocomplete=\"off\" \/>\n\t<\/p>\n\t<input type=\"hidden\" id=\"_wpnonce\" name=\"_wpnonce\" value=\"88492531b6\" \/><input type=\"hidden\" name=\"_wp_http_referer\" value=\"\/appit\/wp-json\/wp\/v2\/pages\/76\" \/>\n\t<div class=\"um-col-alt\">\n\n\t\t\n\t\t\t<div class=\"um-center\">\n\t\t\t\t<input type=\"submit\" value=\"Registrar\" class=\"um-button\" id=\"um-submit-btn\" \/>\n\t\t\t<\/div>\n\n\t\t\n\t\t<div class=\"um-clear\"><\/div>\n\n\t<\/div>\n\n\t\t\t<\/form>\n\t<\/div>\n<\/div>\n<style>\n\t\t\t.um-70.um {\n\t\t\tmax-width: 450px;\n\t\t}\n\t\t<\/style>\n<\/p>\n<!-- \/wp:paragraph -->\t\t\t\t\t\t\t\t<\/div>\n\t\t\t\t<\/div>\n\t\t\t\t\t<\/div>\n\t\t<\/div>\n\t\t\t\t\t<\/div>\n\t\t<\/section>\n\t\t\t\t<\/div>\n\t\t","protected":false},"excerpt":{"rendered":"<p>Registro de novos usu\u00e1rios<\/p>\n","protected":false},"author":1,"featured_media":0,"parent":0,"menu_order":0,"comment_status":"closed","ping_status":"closed","template":"","meta":{"_acf_changed":false,"footnotes":""},"class_list":["post-76","page","type-page","status-publish","hentry"],"yoast_head":"<!-- This site is optimized with the Yoast SEO plugin v27.4 - https:\/\/yoast.com\/product\/yoast-seo-wordpress\/ -->\n<title>Register - APP IT FILMES<\/title>\n<meta name=\"robots\" content=\"noindex, nofollow\" \/>\n<meta property=\"og:locale\" content=\"pt_BR\" \/>\n<meta property=\"og:type\" content=\"article\" \/>\n<meta property=\"og:title\" content=\"Register - APP IT FILMES\" \/>\n<meta property=\"og:description\" content=\"Registro de novos usu\u00e1rios\" \/>\n<meta property=\"og:url\" content=\"https:\/\/itfilmes.com.br\/appit\/register\/\" \/>\n<meta property=\"og:site_name\" content=\"APP IT FILMES\" \/>\n<meta property=\"article:modified_time\" content=\"2023-04-18T02:04:52+00:00\" \/>\n<meta name=\"twitter:card\" content=\"summary_large_image\" \/>\n<script type=\"application\/ld+json\" class=\"yoast-schema-graph\">{\"@context\":\"https:\\\/\\\/schema.org\",\"@graph\":[{\"@type\":\"WebPage\",\"@id\":\"https:\\\/\\\/itfilmes.com.br\\\/appit\\\/register\\\/\",\"url\":\"https:\\\/\\\/itfilmes.com.br\\\/appit\\\/register\\\/\",\"name\":\"Register - APP IT FILMES\",\"isPartOf\":{\"@id\":\"https:\\\/\\\/itfilmes.com.br\\\/appit\\\/#website\"},\"datePublished\":\"2023-03-31T14:17:54+00:00\",\"dateModified\":\"2023-04-18T02:04:52+00:00\",\"breadcrumb\":{\"@id\":\"https:\\\/\\\/itfilmes.com.br\\\/appit\\\/register\\\/#breadcrumb\"},\"inLanguage\":\"pt-BR\",\"potentialAction\":[{\"@type\":\"ReadAction\",\"target\":[\"https:\\\/\\\/itfilmes.com.br\\\/appit\\\/register\\\/\"]}]},{\"@type\":\"BreadcrumbList\",\"@id\":\"https:\\\/\\\/itfilmes.com.br\\\/appit\\\/register\\\/#breadcrumb\",\"itemListElement\":[{\"@type\":\"ListItem\",\"position\":1,\"name\":\"In\u00edcio\",\"item\":\"https:\\\/\\\/itfilmes.com.br\\\/appit\\\/\"},{\"@type\":\"ListItem\",\"position\":2,\"name\":\"Register\"}]},{\"@type\":\"WebSite\",\"@id\":\"https:\\\/\\\/itfilmes.com.br\\\/appit\\\/#website\",\"url\":\"https:\\\/\\\/itfilmes.com.br\\\/appit\\\/\",\"name\":\"APP IT FILMES\",\"description\":\"Inscri\u00e7\u00f5es IT Filmes\",\"publisher\":{\"@id\":\"https:\\\/\\\/itfilmes.com.br\\\/appit\\\/#organization\"},\"potentialAction\":[{\"@type\":\"SearchAction\",\"target\":{\"@type\":\"EntryPoint\",\"urlTemplate\":\"https:\\\/\\\/itfilmes.com.br\\\/appit\\\/?s={search_term_string}\"},\"query-input\":{\"@type\":\"PropertyValueSpecification\",\"valueRequired\":true,\"valueName\":\"search_term_string\"}}],\"inLanguage\":\"pt-BR\"},{\"@type\":\"Organization\",\"@id\":\"https:\\\/\\\/itfilmes.com.br\\\/appit\\\/#organization\",\"name\":\"APP IT FILMES\",\"url\":\"https:\\\/\\\/itfilmes.com.br\\\/appit\\\/\",\"logo\":{\"@type\":\"ImageObject\",\"inLanguage\":\"pt-BR\",\"@id\":\"https:\\\/\\\/itfilmes.com.br\\\/appit\\\/#\\\/schema\\\/logo\\\/image\\\/\",\"url\":\"https:\\\/\\\/itfilmes.com.br\\\/appit\\\/wp-content\\\/uploads\\\/sites\\\/3\\\/2025\\\/07\\\/cropped-APPIT1@3x-1.png\",\"contentUrl\":\"https:\\\/\\\/itfilmes.com.br\\\/appit\\\/wp-content\\\/uploads\\\/sites\\\/3\\\/2025\\\/07\\\/cropped-APPIT1@3x-1.png\",\"width\":793,\"height\":290,\"caption\":\"APP IT FILMES\"},\"image\":{\"@id\":\"https:\\\/\\\/itfilmes.com.br\\\/appit\\\/#\\\/schema\\\/logo\\\/image\\\/\"}}]}<\/script>\n<!-- \/ Yoast SEO plugin. -->","yoast_head_json":{"title":"Register - APP IT FILMES","robots":{"index":"noindex","follow":"nofollow"},"og_locale":"pt_BR","og_type":"article","og_title":"Register - APP IT FILMES","og_description":"Registro de novos usu\u00e1rios","og_url":"https:\/\/itfilmes.com.br\/appit\/register\/","og_site_name":"APP IT FILMES","article_modified_time":"2023-04-18T02:04:52+00:00","twitter_card":"summary_large_image","schema":{"@context":"https:\/\/schema.org","@graph":[{"@type":"WebPage","@id":"https:\/\/itfilmes.com.br\/appit\/register\/","url":"https:\/\/itfilmes.com.br\/appit\/register\/","name":"Register - APP IT FILMES","isPartOf":{"@id":"https:\/\/itfilmes.com.br\/appit\/#website"},"datePublished":"2023-03-31T14:17:54+00:00","dateModified":"2023-04-18T02:04:52+00:00","breadcrumb":{"@id":"https:\/\/itfilmes.com.br\/appit\/register\/#breadcrumb"},"inLanguage":"pt-BR","potentialAction":[{"@type":"ReadAction","target":["https:\/\/itfilmes.com.br\/appit\/register\/"]}]},{"@type":"BreadcrumbList","@id":"https:\/\/itfilmes.com.br\/appit\/register\/#breadcrumb","itemListElement":[{"@type":"ListItem","position":1,"name":"In\u00edcio","item":"https:\/\/itfilmes.com.br\/appit\/"},{"@type":"ListItem","position":2,"name":"Register"}]},{"@type":"WebSite","@id":"https:\/\/itfilmes.com.br\/appit\/#website","url":"https:\/\/itfilmes.com.br\/appit\/","name":"APP IT FILMES","description":"Inscri\u00e7\u00f5es IT Filmes","publisher":{"@id":"https:\/\/itfilmes.com.br\/appit\/#organization"},"potentialAction":[{"@type":"SearchAction","target":{"@type":"EntryPoint","urlTemplate":"https:\/\/itfilmes.com.br\/appit\/?s={search_term_string}"},"query-input":{"@type":"PropertyValueSpecification","valueRequired":true,"valueName":"search_term_string"}}],"inLanguage":"pt-BR"},{"@type":"Organization","@id":"https:\/\/itfilmes.com.br\/appit\/#organization","name":"APP IT FILMES","url":"https:\/\/itfilmes.com.br\/appit\/","logo":{"@type":"ImageObject","inLanguage":"pt-BR","@id":"https:\/\/itfilmes.com.br\/appit\/#\/schema\/logo\/image\/","url":"https:\/\/itfilmes.com.br\/appit\/wp-content\/uploads\/sites\/3\/2025\/07\/cropped-APPIT1@3x-1.png","contentUrl":"https:\/\/itfilmes.com.br\/appit\/wp-content\/uploads\/sites\/3\/2025\/07\/cropped-APPIT1@3x-1.png","width":793,"height":290,"caption":"APP IT FILMES"},"image":{"@id":"https:\/\/itfilmes.com.br\/appit\/#\/schema\/logo\/image\/"}}]}},"acf":[],"_links":{"self":[{"href":"https:\/\/itfilmes.com.br\/appit\/wp-json\/wp\/v2\/pages\/76","targetHints":{"allow":["GET"]}}],"collection":[{"href":"https:\/\/itfilmes.com.br\/appit\/wp-json\/wp\/v2\/pages"}],"about":[{"href":"https:\/\/itfilmes.com.br\/appit\/wp-json\/wp\/v2\/types\/page"}],"author":[{"embeddable":true,"href":"https:\/\/itfilmes.com.br\/appit\/wp-json\/wp\/v2\/users\/1"}],"replies":[{"embeddable":true,"href":"https:\/\/itfilmes.com.br\/appit\/wp-json\/wp\/v2\/comments?post=76"}],"version-history":[{"count":0,"href":"https:\/\/itfilmes.com.br\/appit\/wp-json\/wp\/v2\/pages\/76\/revisions"}],"wp:attachment":[{"href":"https:\/\/itfilmes.com.br\/appit\/wp-json\/wp\/v2\/media?parent=76"}],"curies":[{"name":"wp","href":"https:\/\/api.w.org\/{rel}","templated":true}]}}