{"id":784,"date":"2023-04-13T11:08:09","date_gmt":"2023-04-13T14:08:09","guid":{"rendered":"https:\/\/itfilmes.com.br\/appit\/?page_id=784"},"modified":"2025-07-26T07:38:46","modified_gmt":"2025-07-26T10:38:46","slug":"colabore-com-a-pesquisa","status":"publish","type":"page","link":"https:\/\/itfilmes.com.br\/appit\/colabore-com-a-pesquisa\/","title":{"rendered":"Colabore com a pesquisa"},"content":{"rendered":"\t\t<div data-elementor-type=\"wp-page\" data-elementor-id=\"784\" class=\"elementor elementor-784\">\n\t\t\t\t\t\t<section class=\"elementor-section elementor-top-section elementor-element elementor-element-ba2f1e8 elementor-section-boxed elementor-section-height-default elementor-section-height-default\" data-id=\"ba2f1e8\" data-element_type=\"section\" data-e-type=\"section\" data-settings=\"{&quot;background_background&quot;:&quot;classic&quot;}\">\n\t\t\t\t\t\t<div class=\"elementor-container elementor-column-gap-default\">\n\t\t\t\t\t<div class=\"aux-parallax-section elementor-column elementor-col-100 elementor-top-column elementor-element elementor-element-017c4ca\" data-id=\"017c4ca\" data-element_type=\"column\" data-e-type=\"column\">\n\t\t\t<div class=\"elementor-widget-wrap elementor-element-populated\">\n\t\t\t\t\t\t<div class=\"elementor-element elementor-element-2ca184d elementor-widget elementor-widget-aux_modern_heading\" data-id=\"2ca184d\" data-element_type=\"widget\" data-e-type=\"widget\" data-widget_type=\"aux_modern_heading.default\">\n\t\t\t\t<div class=\"elementor-widget-container\">\n\t\t\t\t\t<section class=\"aux-widget-modern-heading\">\n            <div class=\"aux-widget-inner\"><h2 class=\"aux-modern-heading-primary\">Pesquisa<\/h2><h3 class=\"aux-modern-heading-secondary\"><span class=\"aux-head-before\">Alegria Brasil<\/span><\/h3><div class=\"aux-modern-heading-divider\"><\/div><div class=\"aux-modern-heading-description\"><h4>Tem alguma imagem ou v\u00eddeo com a Maria Alcina, que tal compartilhar?<\/h4><\/div><\/div>\n        <\/section>\t\t\t\t<\/div>\n\t\t\t\t<\/div>\n\t\t\t\t\t<\/div>\n\t\t<\/div>\n\t\t\t\t\t<\/div>\n\t\t<\/section>\n\t\t\t\t<section class=\"elementor-section elementor-top-section elementor-element elementor-element-b922cf8 elementor-section-content-middle elementor-section-boxed elementor-section-height-default elementor-section-height-default\" data-id=\"b922cf8\" data-element_type=\"section\" data-e-type=\"section\" data-settings=\"{&quot;background_background&quot;:&quot;classic&quot;}\">\n\t\t\t\t\t\t<div class=\"elementor-container elementor-column-gap-default\">\n\t\t\t\t\t<div class=\"aux-parallax-section elementor-column elementor-col-100 elementor-top-column elementor-element elementor-element-86e82c3\" data-id=\"86e82c3\" data-element_type=\"column\" data-e-type=\"column\" data-settings=\"{&quot;background_background&quot;:&quot;classic&quot;}\">\n\t\t\t<div class=\"elementor-widget-wrap elementor-element-populated\">\n\t\t\t\t\t\t<section class=\"elementor-section elementor-inner-section elementor-element elementor-element-a91cf92 elementor-section-boxed elementor-section-height-default elementor-section-height-default\" data-id=\"a91cf92\" data-element_type=\"section\" data-e-type=\"section\" data-settings=\"{&quot;background_background&quot;:&quot;classic&quot;}\">\n\t\t\t\t\t\t<div class=\"elementor-container elementor-column-gap-default\">\n\t\t\t\t\t<div class=\"aux-parallax-section elementor-column elementor-col-100 elementor-inner-column elementor-element elementor-element-2e0a140\" data-id=\"2e0a140\" data-element_type=\"column\" data-e-type=\"column\">\n\t\t\t<div class=\"elementor-widget-wrap elementor-element-populated\">\n\t\t\t\t\t\t<div class=\"elementor-element elementor-element-8a6a541 elementor-widget elementor-widget-shortcode\" data-id=\"8a6a541\" data-element_type=\"widget\" data-e-type=\"widget\" data-widget_type=\"shortcode.default\">\n\t\t\t\t<div class=\"elementor-widget-container\">\n\t\t\t\t\t\t\t<div class=\"elementor-shortcode\"><div class='fluentform ff-default fluentform_wrapper_4 ffs_custom_wrap'><form data-form_id=\"4\" id=\"fluentform_4\" class=\"frm-fluent-form fluent_form_4 ff-el-form-top ff_form_instance_4_1 ff-form-loading ff_has_v3_recptcha ffs_custom\" data-form_instance=\"ff_form_instance_4_1\" method=\"POST\" data-recptcha_key=\"6LdZc04lAAAAALwRZGRtBRusRNQWouu4h0ruYlMd\" ><fieldset  style=\"border: none!important;margin: 0!important;padding: 0!important;background-color: transparent!important;box-shadow: none!important;outline: none!important; min-inline-size: 100%;\">\n                    <legend class=\"ff_screen_reader_title\" style=\"display: block; margin: 0!important;padding: 0!important;height: 0!important;text-indent: -999999px;width: 0!important;overflow:hidden;\">Colabora\u00e7\u00e3o Maria Alcina<\/legend>        <div\n                style=\"display: none!important; position: absolute!important; transform: translateX(1000%)!important;\"\n                class=\"ff-el-group ff-hpsf-container\"\n        >\n            <div class=\"ff-el-input--label asterisk-right\">\n                <label for=\"ff_4_item_sf\" aria-label=\"Updates\">\n                    Updates                <\/label>\n            <\/div>\n            <div class=\"ff-el-input--content\">\n                <input type=\"text\"\n                       name=\"item_4__fluent_sf\"\n                       class=\"ff-el-form-control\"\n                       id=\"ff_4_item_sf\"\n                \/>\n            <\/div>\n        <\/div>\n        <input type='hidden' name='__fluent_form_embded_post_id' value='784' \/><input type=\"hidden\" id=\"_fluentform_4_fluentformnonce\" name=\"_fluentform_4_fluentformnonce\" value=\"ecf5f82f96\" \/><input type=\"hidden\" name=\"_wp_http_referer\" value=\"\/appit\/wp-json\/wp\/v2\/pages\/784\" \/><div data-name=\"ff_cn_id_1\"  class='ff-t-container ff-column-container ff_columns_total_2 '><div class='ff-t-cell ff-t-column-1' style='flex-basis: 50%;'><div class='ff-el-group'><div class=\"ff-el-input--label ff-el-is-required asterisk-right\"><label for='ff_4_input_text' id='label_ff_4_input_text' aria-label=\"Nome completo\">Nome completo<\/label><\/div><div class='ff-el-input--content'><input type=\"text\" name=\"input_text\" class=\"ff-el-form-control\" placeholder=\"Informe seu nome completo\" data-name=\"input_text\" tabindex=\"1\" id=\"ff_4_input_text\"  aria-invalid=\"false\" aria-required=true><\/div><\/div><\/div><div class='ff-t-cell ff-t-column-2' style='flex-basis: 50%;'><div class='ff-el-group'><div class=\"ff-el-input--label ff-el-is-required asterisk-right\"><label for='ff_4_email' id='label_ff_4_email' aria-label=\"E-mail\">E-mail<\/label><\/div><div class='ff-el-input--content'><input type=\"email\" name=\"email\" id=\"ff_4_email\" class=\"ff-el-form-control\" placeholder=\"Seu melhor e-mail\" data-name=\"email\" tabindex=\"2\"  aria-invalid=\"false\" aria-required=true><\/div><\/div><\/div><\/div><div data-name=\"ff_cn_id_2\"  class='ff-t-container ff-column-container ff_columns_total_2 '><div class='ff-t-cell ff-t-column-1' style='flex-basis: 50%;'><div class='ff-el-group'><div class=\"ff-el-input--label ff-el-is-required asterisk-right\"><label for='ff_4_input_text_3' id='label_ff_4_input_text_3' aria-label=\"Telefone\">Telefone<\/label><\/div><div class='ff-el-input--content'><input type=\"text\" name=\"input_text_3\" class=\"ff-el-form-control\" placeholder=\"Telefone de contato\" data-name=\"input_text_3\" tabindex=\"3\" id=\"ff_4_input_text_3\"  aria-invalid=\"false\" aria-required=true><\/div><\/div><\/div><div class='ff-t-cell ff-t-column-2' style='flex-basis: 50%;'><div class='ff-el-group'><div class=\"ff-el-input--label ff-el-is-required asterisk-right\"><label for='ff_4_input_text_4' id='label_ff_4_input_text_4' aria-label=\"Cidade Residente\">Cidade Residente<\/label><\/div><div class='ff-el-input--content'><input type=\"text\" name=\"input_text_4\" class=\"ff-el-form-control\" placeholder=\"Cidade residente\" data-name=\"input_text_4\" tabindex=\"4\" id=\"ff_4_input_text_4\"  aria-invalid=\"false\" aria-required=true><\/div><\/div><\/div><\/div><div data-name=\"ff_cn_id_3\"  class='ff-t-container ff-column-container ff_columns_total_1 '><div class='ff-t-cell ff-t-column-1' style='flex-basis: 100%;'><div class='ff-el-group'><div class=\"ff-el-input--label ff-el-is-required asterisk-right\"><label for='ff_4_message' id='label_ff_4_message' aria-label=\"Informa\u00e7\u00f5es\">Informa\u00e7\u00f5es<\/label><\/div><div class='ff-el-input--content'><textarea aria-required=\"true\" aria-labelledby=\"label_ff_4_message\" name=\"message\" id=\"ff_4_message\" class=\"ff-el-form-control\" placeholder=\"Conte-nos sobre a imagem ou v\u00eddeo, descreva a legenda com o m\u00e1ximo de informa\u00e7\u00f5es poss\u00edveis. Cr\u00e9dito do fot\u00f3grafo, data, localiza\u00e7\u00e3o, situa\u00e7\u00e3o, etc ...\" rows=\"4\" cols=\"2\" data-name=\"message\" tabindex=\"5\" ><\/textarea><\/div><\/div><\/div><\/div><div data-name=\"ff_cn_id_4\"  class='ff-t-container ff-column-container ff_columns_total_1 '><div class='ff-t-cell ff-t-column-1' style='flex-basis: 100%;'><div class='ff-el-group  ff_list_buttons'><div class=\"ff-el-input--label ff-el-is-required asterisk-right\"><label   aria-label=\"Informe os arquivos que ir\u00e1 compartilhar\">Informe os arquivos que ir\u00e1 compartilhar<\/label><\/div><div class='ff-el-input--content'><div class='ff-el-form-check ff-el-form-check-'><label class='ff-el-form-check-label' for='checkbox_2c0a81d3b97695b88745bdd546e10321'><input  type=\"checkbox\" name=\"checkbox[]\" data-name=\"checkbox\" class=\"ff-el-form-check-input ff-el-form-check-checkbox\" tabindex=\"6\" value=\"V\u00eddeo\"  id='checkbox_2c0a81d3b97695b88745bdd546e10321' aria-label='V\u00eddeo' aria-invalid='false' aria-required=true> <span>V\u00eddeo<\/span><\/label><\/div><div class='ff-el-form-check ff-el-form-check-'><label class='ff-el-form-check-label' for='checkbox_c9505fa42424996ea3ea002bf76dab9a'><input  type=\"checkbox\" name=\"checkbox[]\" data-name=\"checkbox\" class=\"ff-el-form-check-input ff-el-form-check-checkbox\" tabindex=\"-1\" value=\"Foto\"  id='checkbox_c9505fa42424996ea3ea002bf76dab9a' aria-label='Foto' aria-invalid='false' aria-required=true> <span>Foto<\/span><\/label><\/div><div class='ff-el-form-check ff-el-form-check-'><label class='ff-el-form-check-label' for='checkbox_fe5dd98cb08ee63d136bf8074bf3655f'><input  type=\"checkbox\" name=\"checkbox[]\" data-name=\"checkbox\" class=\"ff-el-form-check-input ff-el-form-check-checkbox\" tabindex=\"-1\" value=\"Outros\"  id='checkbox_fe5dd98cb08ee63d136bf8074bf3655f' aria-label='Outros' aria-invalid='false' aria-required=true> <span>Outros<\/span><\/label><\/div><\/div><\/div><\/div><\/div><div class='ff-el-group has-conditions'><div class=\"ff-el-input--label ff-el-is-required asterisk-right\"><label for='ff_4_input_text_1' id='label_ff_4_input_text_1' aria-label=\"Link para o arquivo de v\u00eddeo\">Link para o arquivo de v\u00eddeo<\/label><\/div><div class='ff-el-input--content'><input type=\"text\" name=\"input_text_1\" class=\"ff-el-form-control\" placeholder=\"Link do youtube ou rede social, site, google, etc ....\" data-name=\"input_text_1\" tabindex=\"7\" id=\"ff_4_input_text_1\"  aria-invalid=\"false\" aria-required=true><\/div><\/div><div class='ff-el-group has-conditions'><div class=\"ff-el-input--label ff-el-is-required asterisk-right\"><label for='ff_4_image-upload_1' id='label_ff_4_image-upload_1' aria-label=\"Foto(s) at\u00e9 3 \/ 5mb\">Foto(s) at\u00e9 3 \/ 5mb<\/label><\/div><div class='ff-el-input--content'><label for='ff_4_image-upload_1' class='ff_file_upload_holder'><span class='ff_upload_btn ff-btn'>Enviar imagem (jpg ou png)<\/span> <input type=\"file\" name=\"image-upload\" id=\"ff_4_image-upload_1\" class=\"ff-el-form-control  ff-screen-reader-element\" accept=\"image\/*\" data-name=\"image-upload\" multiple=\"1\" tabindex=\"8\"  aria-invalid='false' aria-required=true><\/label><\/div><\/div><div class='ff-el-group has-conditions'><div class=\"ff-el-input--label ff-el-is-required asterisk-right\"><label for='ff_4_input_text_2' id='label_ff_4_input_text_2' aria-label=\"Outros\">Outros<\/label><\/div><div class='ff-el-input--content'><input type=\"text\" name=\"input_text_2\" class=\"ff-el-form-control\" placeholder=\"Informe a op\u00e7\u00e3o\" data-name=\"input_text_2\" tabindex=\"9\" id=\"ff_4_input_text_2\"  aria-invalid=\"false\" aria-required=true><\/div><\/div><div class='ff-el-group ff-text-left ff_submit_btn_wrapper'><button type=\"submit\" class=\"ff-btn ff-btn-submit ff-btn-md ff_btn_style\" tabindex=\"10\"  aria-label=\"Compartilhar\">Compartilhar <\/button><\/div><\/fieldset><\/form><div id='fluentform_4_errors' class='ff-errors-in-stack ff_form_instance_4_1 ff-form-loading_errors ff_form_instance_4_1_errors'><\/div><\/div>            <script type=\"text\/javascript\">\n                window.fluent_form_ff_form_instance_4_1 = {\"id\":\"4\",\"settings\":{\"layout\":{\"labelPlacement\":\"top\",\"helpMessagePlacement\":\"with_label\",\"errorMessagePlacement\":\"inline\",\"cssClassName\":\"\",\"asteriskPlacement\":\"asterisk-right\"},\"restrictions\":{\"denyEmptySubmission\":{\"enabled\":false}}},\"form_instance\":\"ff_form_instance_4_1\",\"form_id_selector\":\"fluentform_4\",\"rules\":{\"input_text\":{\"required\":{\"value\":true,\"message\":\"Informe seu Nome Completo\",\"global\":false,\"global_message\":\"Este campo \\u00e9 necess\\u00e1rio\"}},\"email\":{\"required\":{\"value\":true,\"message\":\"Informe seu melhor e-mail\",\"global\":false,\"global_message\":\"Este campo \\u00e9 necess\\u00e1rio\"},\"email\":{\"value\":true,\"message\":\"This field must contain a valid email\",\"global\":false,\"global_message\":\"Informe um e-mail v\\u00e1lido\"}},\"input_text_3\":{\"required\":{\"value\":true,\"message\":\"Informe o Telefone para contato\",\"global_message\":\"Este campo \\u00e9 necess\\u00e1rio\",\"global\":false}},\"input_text_4\":{\"required\":{\"value\":true,\"message\":\"Este campo \\u00e9 necess\\u00e1rio\",\"global_message\":\"Este campo \\u00e9 necess\\u00e1rio\",\"global\":true}},\"message\":{\"required\":{\"value\":true,\"message\":\"This field is required\",\"global\":false,\"global_message\":\"Este campo \\u00e9 necess\\u00e1rio\"}},\"checkbox\":{\"required\":{\"value\":true,\"message\":\"Esta faltando um arquivo\",\"global\":false,\"global_message\":\"Este campo \\u00e9 necess\\u00e1rio\"}},\"input_text_1\":{\"required\":{\"value\":true,\"message\":\"Qual o endere\\u00e7o do video?\",\"global\":false,\"global_message\":\"Este campo \\u00e9 necess\\u00e1rio\"}},\"image-upload\":{\"required\":{\"value\":true,\"message\":\"This field is required\",\"global\":false,\"global_message\":\"Este campo \\u00e9 necess\\u00e1rio\"},\"max_file_size\":{\"value\":5242880,\"_valueFrom\":\"MB\",\"message\":\"Maximum file size limit is 5MB\",\"global\":false,\"global_message\":\"Verifique o tamanho m\\u00e1ximo do arquivo\"},\"max_file_count\":{\"value\":\"3\",\"message\":\"You can upload maximum 3 image\",\"global\":false,\"global_message\":\"Verifique o limite de arquivos\"},\"allowed_image_types\":{\"value\":[\"jpg|jpeg\",\"png\"],\"message\":\"Allowed image types does not match\",\"global\":false,\"global_message\":\"Os tipos de imagens permitidos n\\u00e3o correspondem\"}},\"input_text_2\":{\"required\":{\"value\":true,\"message\":\"Campo necess\\u00e1rio\",\"global\":false,\"global_message\":\"Este campo \\u00e9 necess\\u00e1rio\"}}},\"debounce_time\":300,\"conditionals\":{\"input_text_1\":{\"type\":\"any\",\"status\":true,\"conditions\":[{\"field\":\"checkbox\",\"value\":\"V\\u00eddeo\",\"operator\":\"=\"}]},\"image-upload\":{\"type\":\"any\",\"status\":true,\"conditions\":[{\"field\":\"checkbox\",\"value\":\"Foto\",\"operator\":\"=\"}]},\"input_text_2\":{\"type\":\"any\",\"status\":true,\"conditions\":[{\"field\":\"checkbox\",\"value\":\"Outros\",\"operator\":\"=\"}]}}};\n                            <\/script>\n            <\/div>\n\t\t\t\t\t\t<\/div>\n\t\t\t\t<\/div>\n\t\t\t\t\t<\/div>\n\t\t<\/div>\n\t\t\t\t\t<\/div>\n\t\t<\/section>\n\t\t\t\t\t<\/div>\n\t\t<\/div>\n\t\t\t\t\t<\/div>\n\t\t<\/section>\n\t\t\t\t<\/div>\n\t\t","protected":false},"excerpt":{"rendered":"<p>Pesquisa Alegria Brasil Tem alguma imagem ou v\u00eddeo com a Maria Alcina, que tal compartilhar?<\/p>\n","protected":false},"author":1,"featured_media":921,"parent":0,"menu_order":0,"comment_status":"closed","ping_status":"closed","template":"templates\/page-builder-content.php","meta":{"_acf_changed":false,"footnotes":""},"class_list":["post-784","page","type-page","status-publish","has-post-thumbnail","hentry"],"yoast_head":"<!-- This site is optimized with the Yoast SEO plugin v27.4 - https:\/\/yoast.com\/product\/yoast-seo-wordpress\/ -->\n<title>Colabore com a pesquisa - Maria Alcina, Alegria Brasil<\/title>\n<meta name=\"description\" content=\"Projeto em fase de pesquisa. Tem alguma imagem ou v\u00eddeo com a Maria Alcina, que tal contribuir?\" \/>\n<meta name=\"robots\" content=\"index, follow, max-snippet:-1, max-image-preview:large, max-video-preview:-1\" \/>\n<link rel=\"canonical\" href=\"https:\/\/itfilmes.com.br\/appit\/colabore-com-a-pesquisa\/\" \/>\n<meta property=\"og:locale\" content=\"pt_BR\" \/>\n<meta property=\"og:type\" content=\"article\" \/>\n<meta property=\"og:title\" content=\"Colabore com a pesquisa - Maria Alcina, Alegria Brasil\" \/>\n<meta property=\"og:description\" content=\"Projeto em fase de pesquisa. Tem alguma imagem ou v\u00eddeo com a Maria Alcina, que tal contribuir?\" \/>\n<meta property=\"og:url\" content=\"https:\/\/itfilmes.com.br\/appit\/colabore-com-a-pesquisa\/\" \/>\n<meta property=\"og:site_name\" content=\"APP IT FILMES\" \/>\n<meta property=\"article:modified_time\" content=\"2025-07-26T10:38:46+00:00\" \/>\n<meta property=\"og:image\" content=\"https:\/\/itfilmes.com.br\/appit\/wp-content\/uploads\/sites\/3\/2023\/04\/c5503e6953b99a0b09557afbc4f5f278-1.jpg\" \/>\n\t<meta property=\"og:image:width\" content=\"300\" \/>\n\t<meta property=\"og:image:height\" content=\"300\" \/>\n\t<meta property=\"og:image:type\" content=\"image\/jpeg\" \/>\n<meta name=\"twitter:card\" content=\"summary_large_image\" \/>\n<script type=\"application\/ld+json\" class=\"yoast-schema-graph\">{\"@context\":\"https:\\\/\\\/schema.org\",\"@graph\":[{\"@type\":\"WebPage\",\"@id\":\"https:\\\/\\\/itfilmes.com.br\\\/appit\\\/colabore-com-a-pesquisa\\\/\",\"url\":\"https:\\\/\\\/itfilmes.com.br\\\/appit\\\/colabore-com-a-pesquisa\\\/\",\"name\":\"Colabore com a pesquisa - Maria Alcina, Alegria Brasil\",\"isPartOf\":{\"@id\":\"https:\\\/\\\/itfilmes.com.br\\\/appit\\\/#website\"},\"primaryImageOfPage\":{\"@id\":\"https:\\\/\\\/itfilmes.com.br\\\/appit\\\/colabore-com-a-pesquisa\\\/#primaryimage\"},\"image\":{\"@id\":\"https:\\\/\\\/itfilmes.com.br\\\/appit\\\/colabore-com-a-pesquisa\\\/#primaryimage\"},\"thumbnailUrl\":\"https:\\\/\\\/itfilmes.com.br\\\/appit\\\/wp-content\\\/uploads\\\/sites\\\/3\\\/2023\\\/04\\\/c5503e6953b99a0b09557afbc4f5f278-1.jpg\",\"datePublished\":\"2023-04-13T14:08:09+00:00\",\"dateModified\":\"2025-07-26T10:38:46+00:00\",\"description\":\"Projeto em fase de pesquisa. Tem alguma imagem ou v\u00eddeo com a Maria Alcina, que tal contribuir?\",\"breadcrumb\":{\"@id\":\"https:\\\/\\\/itfilmes.com.br\\\/appit\\\/colabore-com-a-pesquisa\\\/#breadcrumb\"},\"inLanguage\":\"pt-BR\",\"potentialAction\":[{\"@type\":\"ReadAction\",\"target\":[\"https:\\\/\\\/itfilmes.com.br\\\/appit\\\/colabore-com-a-pesquisa\\\/\"]}]},{\"@type\":\"ImageObject\",\"inLanguage\":\"pt-BR\",\"@id\":\"https:\\\/\\\/itfilmes.com.br\\\/appit\\\/colabore-com-a-pesquisa\\\/#primaryimage\",\"url\":\"https:\\\/\\\/itfilmes.com.br\\\/appit\\\/wp-content\\\/uploads\\\/sites\\\/3\\\/2023\\\/04\\\/c5503e6953b99a0b09557afbc4f5f278-1.jpg\",\"contentUrl\":\"https:\\\/\\\/itfilmes.com.br\\\/appit\\\/wp-content\\\/uploads\\\/sites\\\/3\\\/2023\\\/04\\\/c5503e6953b99a0b09557afbc4f5f278-1.jpg\",\"width\":300,\"height\":300},{\"@type\":\"BreadcrumbList\",\"@id\":\"https:\\\/\\\/itfilmes.com.br\\\/appit\\\/colabore-com-a-pesquisa\\\/#breadcrumb\",\"itemListElement\":[{\"@type\":\"ListItem\",\"position\":1,\"name\":\"In\u00edcio\",\"item\":\"https:\\\/\\\/itfilmes.com.br\\\/appit\\\/\"},{\"@type\":\"ListItem\",\"position\":2,\"name\":\"Colabore com a pesquisa\"}]},{\"@type\":\"WebSite\",\"@id\":\"https:\\\/\\\/itfilmes.com.br\\\/appit\\\/#website\",\"url\":\"https:\\\/\\\/itfilmes.com.br\\\/appit\\\/\",\"name\":\"APP IT FILMES\",\"description\":\"Inscri\u00e7\u00f5es IT Filmes\",\"publisher\":{\"@id\":\"https:\\\/\\\/itfilmes.com.br\\\/appit\\\/#organization\"},\"potentialAction\":[{\"@type\":\"SearchAction\",\"target\":{\"@type\":\"EntryPoint\",\"urlTemplate\":\"https:\\\/\\\/itfilmes.com.br\\\/appit\\\/?s={search_term_string}\"},\"query-input\":{\"@type\":\"PropertyValueSpecification\",\"valueRequired\":true,\"valueName\":\"search_term_string\"}}],\"inLanguage\":\"pt-BR\"},{\"@type\":\"Organization\",\"@id\":\"https:\\\/\\\/itfilmes.com.br\\\/appit\\\/#organization\",\"name\":\"APP IT FILMES\",\"url\":\"https:\\\/\\\/itfilmes.com.br\\\/appit\\\/\",\"logo\":{\"@type\":\"ImageObject\",\"inLanguage\":\"pt-BR\",\"@id\":\"https:\\\/\\\/itfilmes.com.br\\\/appit\\\/#\\\/schema\\\/logo\\\/image\\\/\",\"url\":\"https:\\\/\\\/itfilmes.com.br\\\/appit\\\/wp-content\\\/uploads\\\/sites\\\/3\\\/2025\\\/07\\\/cropped-APPIT1@3x-1.png\",\"contentUrl\":\"https:\\\/\\\/itfilmes.com.br\\\/appit\\\/wp-content\\\/uploads\\\/sites\\\/3\\\/2025\\\/07\\\/cropped-APPIT1@3x-1.png\",\"width\":793,\"height\":290,\"caption\":\"APP IT FILMES\"},\"image\":{\"@id\":\"https:\\\/\\\/itfilmes.com.br\\\/appit\\\/#\\\/schema\\\/logo\\\/image\\\/\"}}]}<\/script>\n<!-- \/ Yoast SEO plugin. -->","yoast_head_json":{"title":"Colabore com a pesquisa - Maria Alcina, Alegria Brasil","description":"Projeto em fase de pesquisa. Tem alguma imagem ou v\u00eddeo com a Maria Alcina, que tal contribuir?","robots":{"index":"index","follow":"follow","max-snippet":"max-snippet:-1","max-image-preview":"max-image-preview:large","max-video-preview":"max-video-preview:-1"},"canonical":"https:\/\/itfilmes.com.br\/appit\/colabore-com-a-pesquisa\/","og_locale":"pt_BR","og_type":"article","og_title":"Colabore com a pesquisa - Maria Alcina, Alegria Brasil","og_description":"Projeto em fase de pesquisa. Tem alguma imagem ou v\u00eddeo com a Maria Alcina, que tal contribuir?","og_url":"https:\/\/itfilmes.com.br\/appit\/colabore-com-a-pesquisa\/","og_site_name":"APP IT FILMES","article_modified_time":"2025-07-26T10:38:46+00:00","og_image":[{"width":300,"height":300,"url":"https:\/\/itfilmes.com.br\/appit\/wp-content\/uploads\/sites\/3\/2023\/04\/c5503e6953b99a0b09557afbc4f5f278-1.jpg","type":"image\/jpeg"}],"twitter_card":"summary_large_image","schema":{"@context":"https:\/\/schema.org","@graph":[{"@type":"WebPage","@id":"https:\/\/itfilmes.com.br\/appit\/colabore-com-a-pesquisa\/","url":"https:\/\/itfilmes.com.br\/appit\/colabore-com-a-pesquisa\/","name":"Colabore com a pesquisa - Maria Alcina, Alegria Brasil","isPartOf":{"@id":"https:\/\/itfilmes.com.br\/appit\/#website"},"primaryImageOfPage":{"@id":"https:\/\/itfilmes.com.br\/appit\/colabore-com-a-pesquisa\/#primaryimage"},"image":{"@id":"https:\/\/itfilmes.com.br\/appit\/colabore-com-a-pesquisa\/#primaryimage"},"thumbnailUrl":"https:\/\/itfilmes.com.br\/appit\/wp-content\/uploads\/sites\/3\/2023\/04\/c5503e6953b99a0b09557afbc4f5f278-1.jpg","datePublished":"2023-04-13T14:08:09+00:00","dateModified":"2025-07-26T10:38:46+00:00","description":"Projeto em fase de pesquisa. Tem alguma imagem ou v\u00eddeo com a Maria Alcina, que tal contribuir?","breadcrumb":{"@id":"https:\/\/itfilmes.com.br\/appit\/colabore-com-a-pesquisa\/#breadcrumb"},"inLanguage":"pt-BR","potentialAction":[{"@type":"ReadAction","target":["https:\/\/itfilmes.com.br\/appit\/colabore-com-a-pesquisa\/"]}]},{"@type":"ImageObject","inLanguage":"pt-BR","@id":"https:\/\/itfilmes.com.br\/appit\/colabore-com-a-pesquisa\/#primaryimage","url":"https:\/\/itfilmes.com.br\/appit\/wp-content\/uploads\/sites\/3\/2023\/04\/c5503e6953b99a0b09557afbc4f5f278-1.jpg","contentUrl":"https:\/\/itfilmes.com.br\/appit\/wp-content\/uploads\/sites\/3\/2023\/04\/c5503e6953b99a0b09557afbc4f5f278-1.jpg","width":300,"height":300},{"@type":"BreadcrumbList","@id":"https:\/\/itfilmes.com.br\/appit\/colabore-com-a-pesquisa\/#breadcrumb","itemListElement":[{"@type":"ListItem","position":1,"name":"In\u00edcio","item":"https:\/\/itfilmes.com.br\/appit\/"},{"@type":"ListItem","position":2,"name":"Colabore com a pesquisa"}]},{"@type":"WebSite","@id":"https:\/\/itfilmes.com.br\/appit\/#website","url":"https:\/\/itfilmes.com.br\/appit\/","name":"APP IT FILMES","description":"Inscri\u00e7\u00f5es IT Filmes","publisher":{"@id":"https:\/\/itfilmes.com.br\/appit\/#organization"},"potentialAction":[{"@type":"SearchAction","target":{"@type":"EntryPoint","urlTemplate":"https:\/\/itfilmes.com.br\/appit\/?s={search_term_string}"},"query-input":{"@type":"PropertyValueSpecification","valueRequired":true,"valueName":"search_term_string"}}],"inLanguage":"pt-BR"},{"@type":"Organization","@id":"https:\/\/itfilmes.com.br\/appit\/#organization","name":"APP IT FILMES","url":"https:\/\/itfilmes.com.br\/appit\/","logo":{"@type":"ImageObject","inLanguage":"pt-BR","@id":"https:\/\/itfilmes.com.br\/appit\/#\/schema\/logo\/image\/","url":"https:\/\/itfilmes.com.br\/appit\/wp-content\/uploads\/sites\/3\/2025\/07\/cropped-APPIT1@3x-1.png","contentUrl":"https:\/\/itfilmes.com.br\/appit\/wp-content\/uploads\/sites\/3\/2025\/07\/cropped-APPIT1@3x-1.png","width":793,"height":290,"caption":"APP IT FILMES"},"image":{"@id":"https:\/\/itfilmes.com.br\/appit\/#\/schema\/logo\/image\/"}}]}},"acf":[],"_links":{"self":[{"href":"https:\/\/itfilmes.com.br\/appit\/wp-json\/wp\/v2\/pages\/784","targetHints":{"allow":["GET"]}}],"collection":[{"href":"https:\/\/itfilmes.com.br\/appit\/wp-json\/wp\/v2\/pages"}],"about":[{"href":"https:\/\/itfilmes.com.br\/appit\/wp-json\/wp\/v2\/types\/page"}],"author":[{"embeddable":true,"href":"https:\/\/itfilmes.com.br\/appit\/wp-json\/wp\/v2\/users\/1"}],"replies":[{"embeddable":true,"href":"https:\/\/itfilmes.com.br\/appit\/wp-json\/wp\/v2\/comments?post=784"}],"version-history":[{"count":3,"href":"https:\/\/itfilmes.com.br\/appit\/wp-json\/wp\/v2\/pages\/784\/revisions"}],"predecessor-version":[{"id":1243,"href":"https:\/\/itfilmes.com.br\/appit\/wp-json\/wp\/v2\/pages\/784\/revisions\/1243"}],"wp:featuredmedia":[{"embeddable":true,"href":"https:\/\/itfilmes.com.br\/appit\/wp-json\/wp\/v2\/media\/921"}],"wp:attachment":[{"href":"https:\/\/itfilmes.com.br\/appit\/wp-json\/wp\/v2\/media?parent=784"}],"curies":[{"name":"wp","href":"https:\/\/api.w.org\/{rel}","templated":true}]}}